{"id":133,"date":"2020-06-30T10:38:18","date_gmt":"2020-06-30T09:38:18","guid":{"rendered":"https:\/\/lyng-kol.reventlow.com\/?page_id=133"},"modified":"2025-05-08T14:07:39","modified_gmt":"2025-05-08T12:07:39","slug":"faelleslokaler","status":"publish","type":"page","link":"https:\/\/fortunkollegiet.dk\/index.php\/faelleslokaler\/","title":{"rendered":"F\u00e6lleslokaler"},"content":{"rendered":"\n<p>Der er 3 k\u00f8kkener p\u00e5 kollegiet og cirka 20 personer deler \u00e9t k\u00f8kken. K\u00f8kkenerne er udstyret med service, gryder, k\u00f8leskab, fryser, elkedel, br\u00f8drister mm.<\/p>\n\n\n\n<p>Hvert k\u00f8kken har sit eget regels\u00e6t. Reglerne er udarbejdet af beboerne ved k\u00f8kkenm\u00f8derne. Et reng\u00f8ringsfirma er ansat til at g\u00f8re rent p\u00e5 korridorer, f\u00e6llesrum og k\u00f8kkengulvene. Beboerne er selv ansvarlige for at g\u00f8re rent efter sig selv efter madlavning.<\/p>\n\n\n\n<p>Der er&nbsp;gratis tr\u00e5dl\u00f8st internet p\u00e5 v\u00e6relserne.<\/p>\n\n\n\n<p>Hvis ikke man overholder k\u00f8kkenernes regels\u00e6t, kan det udl\u00f8se advarsel og i s\u00e6rlige tilf\u00e6lde i sidste ende f\u00f8re til opsigelse af kollegiev\u00e6relset uden returnering af depositum.<\/p>\n\n\n\n<hr class=\"wp-block-separator has-css-opacity is-style-wide\"\/>\n\n\n\n<h4 class=\"wp-block-heading\">Det Orange K\u00f8kken <strong>(som i dag er malet hvidt)<\/strong><\/h4>\n\n\n\n<div class=\"wp-block-columns is-layout-flex wp-container-core-columns-is-layout-9d6595d7 wp-block-columns-is-layout-flex\">\n<div class=\"wp-block-column is-layout-flow wp-block-column-is-layout-flow\" style=\"flex-basis:25%\">\n<figure class=\"wp-block-image size-large\"><img loading=\"lazy\" decoding=\"async\" width=\"1024\" height=\"768\" src=\"https:\/\/fortunkollegiet.dk\/wp-content\/uploads\/2020\/08\/minikitchorange-scaled-1-1024x768.jpg\" alt=\"\" class=\"wp-image-256\" srcset=\"https:\/\/fortunkollegiet.dk\/wp-content\/uploads\/2020\/08\/minikitchorange-scaled-1-1024x768.jpg 1024w, https:\/\/fortunkollegiet.dk\/wp-content\/uploads\/2020\/08\/minikitchorange-scaled-1-300x225.jpg 300w, https:\/\/fortunkollegiet.dk\/wp-content\/uploads\/2020\/08\/minikitchorange-scaled-1-768x576.jpg 768w, https:\/\/fortunkollegiet.dk\/wp-content\/uploads\/2020\/08\/minikitchorange-scaled-1-1536x1152.jpg 1536w, https:\/\/fortunkollegiet.dk\/wp-content\/uploads\/2020\/08\/minikitchorange-scaled-1-2048x1536.jpg 2048w, https:\/\/fortunkollegiet.dk\/wp-content\/uploads\/2020\/08\/minikitchorange-scaled-1-1200x900.jpg 1200w, https:\/\/fortunkollegiet.dk\/wp-content\/uploads\/2020\/08\/minikitchorange-scaled-1-1980x1485.jpg 1980w\" sizes=\"auto, (max-width: 767px) 89vw, (max-width: 1000px) 54vw, (max-width: 1071px) 543px, 580px\" \/><\/figure>\n<\/div>\n\n\n\n<div class=\"wp-block-column is-layout-flow wp-block-column-is-layout-flow\" style=\"flex-basis:75%\">\n<p>Det Orange K\u00f8kken er beliggende i stueetagen. Det bruges kun af beboere i stueetagen fra rum 1-18.<\/p>\n<\/div>\n<\/div>\n\n\n\n<hr class=\"wp-block-separator has-css-opacity is-style-default\"\/>\n\n\n\n<h4 class=\"wp-block-heading\">Det Bl\u00e5 K\u00f8kken<\/h4>\n\n\n\n<div class=\"wp-block-columns is-layout-flex wp-container-core-columns-is-layout-9d6595d7 wp-block-columns-is-layout-flex\">\n<div class=\"wp-block-column is-layout-flow wp-block-column-is-layout-flow\" style=\"flex-basis:25%\">\n<figure class=\"wp-block-image size-large\"><img loading=\"lazy\" decoding=\"async\" width=\"1024\" height=\"768\" src=\"https:\/\/fortunkollegiet.dk\/wp-content\/uploads\/2020\/08\/minikitchblue-scaled-1-1024x768.jpg\" alt=\"\" class=\"wp-image-257\" srcset=\"https:\/\/fortunkollegiet.dk\/wp-content\/uploads\/2020\/08\/minikitchblue-scaled-1-1024x768.jpg 1024w, https:\/\/fortunkollegiet.dk\/wp-content\/uploads\/2020\/08\/minikitchblue-scaled-1-300x225.jpg 300w, https:\/\/fortunkollegiet.dk\/wp-content\/uploads\/2020\/08\/minikitchblue-scaled-1-768x576.jpg 768w, https:\/\/fortunkollegiet.dk\/wp-content\/uploads\/2020\/08\/minikitchblue-scaled-1-1536x1152.jpg 1536w, https:\/\/fortunkollegiet.dk\/wp-content\/uploads\/2020\/08\/minikitchblue-scaled-1-2048x1536.jpg 2048w, https:\/\/fortunkollegiet.dk\/wp-content\/uploads\/2020\/08\/minikitchblue-scaled-1-1200x900.jpg 1200w, https:\/\/fortunkollegiet.dk\/wp-content\/uploads\/2020\/08\/minikitchblue-scaled-1-1980x1485.jpg 1980w\" sizes=\"auto, (max-width: 767px) 89vw, (max-width: 1000px) 54vw, (max-width: 1071px) 543px, 580px\" \/><\/figure>\n<\/div>\n\n\n\n<div class=\"wp-block-column is-layout-flow wp-block-column-is-layout-flow\" style=\"flex-basis:75%\">\n<p>Det Bl\u00e5 K\u00f8kken er ligger ogs\u00e5 i stueetagen. Det bruges kun af beboere i stueetagen fra rum 44-62.<\/p>\n<\/div>\n<\/div>\n\n\n\n<hr class=\"wp-block-separator has-css-opacity is-style-default\"\/>\n\n\n\n<h4 class=\"wp-block-heading\">K\u00f8kkenet Ovenp\u00e5<br><\/h4>\n\n\n\n<div class=\"wp-block-columns is-layout-flex wp-container-core-columns-is-layout-9d6595d7 wp-block-columns-is-layout-flex\">\n<div class=\"wp-block-column is-layout-flow wp-block-column-is-layout-flow\" style=\"flex-basis:25%\">\n<figure class=\"wp-block-image size-large\"><img loading=\"lazy\" decoding=\"async\" width=\"1024\" height=\"768\" src=\"https:\/\/fortunkollegiet.dk\/wp-content\/uploads\/2020\/08\/minikitchup-scaled-1-1024x768.jpg\" alt=\"\" class=\"wp-image-258\" srcset=\"https:\/\/fortunkollegiet.dk\/wp-content\/uploads\/2020\/08\/minikitchup-scaled-1-1024x768.jpg 1024w, https:\/\/fortunkollegiet.dk\/wp-content\/uploads\/2020\/08\/minikitchup-scaled-1-300x225.jpg 300w, https:\/\/fortunkollegiet.dk\/wp-content\/uploads\/2020\/08\/minikitchup-scaled-1-768x576.jpg 768w, https:\/\/fortunkollegiet.dk\/wp-content\/uploads\/2020\/08\/minikitchup-scaled-1-1536x1152.jpg 1536w, https:\/\/fortunkollegiet.dk\/wp-content\/uploads\/2020\/08\/minikitchup-scaled-1-2048x1536.jpg 2048w, https:\/\/fortunkollegiet.dk\/wp-content\/uploads\/2020\/08\/minikitchup-scaled-1-1200x900.jpg 1200w, https:\/\/fortunkollegiet.dk\/wp-content\/uploads\/2020\/08\/minikitchup-scaled-1-1980x1485.jpg 1980w\" sizes=\"auto, (max-width: 767px) 89vw, (max-width: 1000px) 54vw, (max-width: 1071px) 543px, 580px\" \/><\/figure>\n<\/div>\n\n\n\n<div class=\"wp-block-column is-layout-flow wp-block-column-is-layout-flow\" style=\"flex-basis:75%\">\n<p>K\u00f8kkenet Ovenp\u00e5 ligger p\u00e5 f\u00f8rste sal. Det bruges kun af beboere p\u00e5 f\u00f8rste sal fra rum 19-38.<\/p>\n<\/div>\n<\/div>\n\n\n\n<h4 class=\"wp-block-heading\">Pianoroom<\/h4>\n\n\n\n<h4 class=\"wp-block-heading\">Pianorum<\/h4>\n\n\n\n<p>Alle har ret til at benytte Pianorummet, bare man efterlader det p\u00e6nt og ryddeligt. Man kan ogs\u00e5 reservere pianorummet til privat brug. Man kan dog ikke hindre andre i at v\u00e6re i Pianorummet samtidig. Hvis man holder sammenkomster i Pianorummet skal oprydning ske senest kl. 12.00 den efterf\u00f8lgende dag.<\/p>\n\n\n\n<hr class=\"wp-block-separator has-css-opacity\"\/>\n\n\n\n<h4 class=\"wp-block-heading\">Vaskerum<\/h4>\n\n\n\n<div class=\"wp-block-columns is-layout-flex wp-container-core-columns-is-layout-9d6595d7 wp-block-columns-is-layout-flex\">\n<div class=\"wp-block-column is-layout-flow wp-block-column-is-layout-flow\" style=\"flex-basis:25%\">\n<figure class=\"wp-block-image size-large\"><img loading=\"lazy\" decoding=\"async\" width=\"960\" height=\"720\" src=\"https:\/\/fortunkollegiet.dk\/wp-content\/uploads\/2020\/08\/lrooms.jpg\" alt=\"\" class=\"wp-image-196\" srcset=\"https:\/\/fortunkollegiet.dk\/wp-content\/uploads\/2020\/08\/lrooms.jpg 960w, https:\/\/fortunkollegiet.dk\/wp-content\/uploads\/2020\/08\/lrooms-300x225.jpg 300w, https:\/\/fortunkollegiet.dk\/wp-content\/uploads\/2020\/08\/lrooms-768x576.jpg 768w\" sizes=\"auto, (max-width: 767px) 89vw, (max-width: 1000px) 54vw, (max-width: 1071px) 543px, 580px\" \/><\/figure>\n<\/div>\n\n\n\n<div class=\"wp-block-column is-layout-flow wp-block-column-is-layout-flow\" style=\"flex-basis:75%\">\n<p>I k\u00e6lderen finder du vaskefaciliteter. Du skal betale for din vask ved at bruge dit vaskekort. Det koster 15 kr. for hver vask og 15 kroner at tumble\/t\u00f8rre.<\/p>\n<\/div>\n<\/div>\n\n\n\n<hr class=\"wp-block-separator has-css-opacity\"\/>\n\n\n\n<h4 class=\"wp-block-heading\">Fryserfaciliteter<\/h4>\n\n\n\n<div class=\"wp-block-columns is-layout-flex wp-container-core-columns-is-layout-9d6595d7 wp-block-columns-is-layout-flex\">\n<div class=\"wp-block-column is-layout-flow wp-block-column-is-layout-flow\" style=\"flex-basis:25%\">\n<figure class=\"wp-block-image size-large\"><img loading=\"lazy\" decoding=\"async\" width=\"960\" height=\"684\" src=\"https:\/\/fortunkollegiet.dk\/wp-content\/uploads\/2020\/08\/freezer.jpg\" alt=\"\" class=\"wp-image-198\" srcset=\"https:\/\/fortunkollegiet.dk\/wp-content\/uploads\/2020\/08\/freezer.jpg 960w, https:\/\/fortunkollegiet.dk\/wp-content\/uploads\/2020\/08\/freezer-300x214.jpg 300w, https:\/\/fortunkollegiet.dk\/wp-content\/uploads\/2020\/08\/freezer-768x547.jpg 768w\" sizes=\"auto, (max-width: 767px) 89vw, (max-width: 1000px) 54vw, (max-width: 1071px) 543px, 580px\" \/><\/figure>\n<\/div>\n\n\n\n<div class=\"wp-block-column is-layout-flow wp-block-column-is-layout-flow\" style=\"flex-basis:75%\">\n<p>Du har mulighed for at benytte kollegiets frysere. Vi anbefaler tydelig m\u00e6rkning herunder navn og v\u00e6relsesnumner.<\/p>\n<\/div>\n<\/div>\n\n\n\n<hr class=\"wp-block-separator has-css-opacity\"\/>\n\n\n\n<h4 class=\"wp-block-heading\">Grill<\/h4>\n\n\n\n<div class=\"wp-block-columns is-layout-flex wp-container-core-columns-is-layout-9d6595d7 wp-block-columns-is-layout-flex\">\n<div class=\"wp-block-column is-layout-flow wp-block-column-is-layout-flow\" style=\"flex-basis:25%\">\n<figure class=\"wp-block-image size-large\"><img loading=\"lazy\" decoding=\"async\" width=\"768\" height=\"1024\" src=\"https:\/\/fortunkollegiet.dk\/wp-content\/uploads\/2020\/09\/IMG_0256-768x1024.jpg\" alt=\"\" class=\"wp-image-619\" srcset=\"https:\/\/fortunkollegiet.dk\/wp-content\/uploads\/2020\/09\/IMG_0256-768x1024.jpg 768w, https:\/\/fortunkollegiet.dk\/wp-content\/uploads\/2020\/09\/IMG_0256-225x300.jpg 225w, https:\/\/fortunkollegiet.dk\/wp-content\/uploads\/2020\/09\/IMG_0256-1152x1536.jpg 1152w, https:\/\/fortunkollegiet.dk\/wp-content\/uploads\/2020\/09\/IMG_0256-1536x2048.jpg 1536w, https:\/\/fortunkollegiet.dk\/wp-content\/uploads\/2020\/09\/IMG_0256-scaled.jpg 1920w\" sizes=\"auto, (max-width: 767px) 89vw, (max-width: 1000px) 54vw, (max-width: 1071px) 543px, 580px\" \/><\/figure>\n<\/div>\n\n\n\n<div class=\"wp-block-column is-layout-flow wp-block-column-is-layout-flow\" style=\"flex-basis:75%\">\n<p>P\u00e5 Fortunkollegiet r\u00e5der vi over et antal kulgril samt en gasgrill. Det er til fri afbenyttelse. Husk at reng\u00f8re efter brug. Hvis man vil grille opfordrer, vi til at man sender en besked p\u00e5 FB &#8211; gerne dagen f\u00f8r &#8211; om at man griller. S\u00e5 kan flere udnytte at grillen er t\u00e6ndt.<\/p>\n<\/div>\n<\/div>\n","protected":false},"excerpt":{"rendered":"<p>Der er 3 k\u00f8kkener p\u00e5 kollegiet og cirka 20 personer deler \u00e9t k\u00f8kken. K\u00f8kkenerne er udstyret med service, gryder, k\u00f8leskab, fryser, elkedel, br\u00f8drister mm. Hvert k\u00f8kken har sit eget regels\u00e6t. Reglerne er udarbejdet af beboerne ved k\u00f8kkenm\u00f8derne. Et reng\u00f8ringsfirma er ansat til at g\u00f8re rent p\u00e5 korridorer, f\u00e6llesrum og k\u00f8kkengulvene. Beboerne er selv ansvarlige for &hellip; <\/p>\n<p class=\"link-more\"><a href=\"https:\/\/fortunkollegiet.dk\/index.php\/faelleslokaler\/\" class=\"more-link\">L\u00e6s videre<span class=\"screen-reader-text\"> &#8220;F\u00e6lleslokaler&#8221;<\/span><\/a><\/p>\n","protected":false},"author":6,"featured_media":0,"parent":0,"menu_order":0,"comment_status":"closed","ping_status":"closed","template":"","meta":{"footnotes":""},"class_list":["post-133","page","type-page","status-publish","hentry"],"_links":{"self":[{"href":"https:\/\/fortunkollegiet.dk\/index.php\/wp-json\/wp\/v2\/pages\/133","targetHints":{"allow":["GET"]}}],"collection":[{"href":"https:\/\/fortunkollegiet.dk\/index.php\/wp-json\/wp\/v2\/pages"}],"about":[{"href":"https:\/\/fortunkollegiet.dk\/index.php\/wp-json\/wp\/v2\/types\/page"}],"author":[{"embeddable":true,"href":"https:\/\/fortunkollegiet.dk\/index.php\/wp-json\/wp\/v2\/users\/6"}],"replies":[{"embeddable":true,"href":"https:\/\/fortunkollegiet.dk\/index.php\/wp-json\/wp\/v2\/comments?post=133"}],"version-history":[{"count":8,"href":"https:\/\/fortunkollegiet.dk\/index.php\/wp-json\/wp\/v2\/pages\/133\/revisions"}],"predecessor-version":[{"id":1603,"href":"https:\/\/fortunkollegiet.dk\/index.php\/wp-json\/wp\/v2\/pages\/133\/revisions\/1603"}],"wp:attachment":[{"href":"https:\/\/fortunkollegiet.dk\/index.php\/wp-json\/wp\/v2\/media?parent=133"}],"curies":[{"name":"wp","href":"https:\/\/api.w.org\/{rel}","templated":true}]}}