{"id":129,"date":"2020-06-30T10:35:23","date_gmt":"2020-06-30T09:35:23","guid":{"rendered":"https:\/\/lyng-kol.reventlow.com\/?page_id=129"},"modified":"2026-03-12T12:00:24","modified_gmt":"2026-03-12T11:00:24","slug":"kollegie-vaerelserne","status":"publish","type":"page","link":"https:\/\/fortunkollegiet.dk\/index.php\/kollegie-vaerelserne\/","title":{"rendered":"Kollegiev\u00e6relserne"},"content":{"rendered":"\n<h4 class=\"wp-block-heading\"><strong><strong>V\u00e6relsespriser<\/strong><\/strong><\/h4>\n\n\n\n<p>Huslejen varierer fra kr.\u00a02864 for de mindste v\u00e6relser til kr. 4962 for dobbeltv\u00e6relser. For hovedparten af v\u00e6relserne er huslejen kr. 3325,- inkl. vand, varme, el,\u00a0og wi-fi.<\/p>\n\n\n\n<p id=\"tw-target-text\">Lejeregulering: Fra 1. marts 2026 opkr\u00e6ves lejen efter nettoprisindeks svarende til 2,3 %. Lejen reguleres f\u00f8rste gang den 1. marts 2026 og varsles 3 m\u00e5neder i forvejen.\nFremadrettet reguleres lejen ved\nstart af hvert semester den 1. august og dermed varsles i april.<\/p>\n\n\n\n<h4 class=\"wp-block-heading\"><strong><strong>Standardv\u00e6relse<\/strong><\/strong><\/h4>\n\n\n\n<div class=\"wp-block-columns is-layout-flex wp-container-core-columns-is-layout-9d6595d7 wp-block-columns-is-layout-flex\">\n<div class=\"wp-block-column is-layout-flow wp-block-column-is-layout-flow\" style=\"flex-basis:100%\">\n<div class=\"wp-block-columns is-layout-flex wp-container-core-columns-is-layout-9d6595d7 wp-block-columns-is-layout-flex\">\n<div class=\"wp-block-column is-layout-flow wp-block-column-is-layout-flow\"><div><style id=\"wp_carousel_dynamic_css1488\">.sp-wp-carousel-free-id-1488.wpcf-fancybox-wrapper .fancybox-bg{background: #0b0b0b;opacity: 0.8;}.sp-wp-carousel-free-id-1488.wpcf-fancybox-wrapper .fancybox-navigation .fancybox-button .wpcp-fancybox-nav-arrow i {color: #ccc;}.sp-wp-carousel-free-id-1488.wpcf-fancybox-wrapper .fancybox-navigation .fancybox-button .wpcp-fancybox-nav-arrow i:hover {color: #fff;}.sp-wp-carousel-free-id-1488.wpcf-fancybox-wrapper .fancybox-navigation .fancybox-button {background: #1e1e1e;}.sp-wp-carousel-free-id-1488.wpcf-fancybox-wrapper .fancybox-navigation .fancybox-button:hover {background: #1e1e1e;}#sp-wp-carousel-free-id-1488 .wpcp-swiper-dots {margin: 40px 0px 0px 0px;}.wpcp-wrapper-1488 .swiper-wrapper .swiper-slide-kenburn, .wpcp-wrapper-1488 .swiper-wrapper, .wpcp-wrapper-1488 .wpcpro-row{align-items: center;}#sp-wp-carousel-free-id-1488 .wpcp-single-item {box-shadow: 0px 0px 0px 0px #dddddd;transition: all .3s;margin: 0px;}#sp-wp-carousel-free-id-1488.swiper-flip .wpcp-single-item{margin: 0!important;}#sp-wp-carousel-free-id-1488 .wpcp-single-item:hover {box-shadow: 0px 0px 0px 0px #dddddd;}#sp-wp-carousel-free-id-1488.sp-wpcp-1488 .wpcp-single-item {border: 1px solid #dddddd;}#sp-wp-carousel-free-id-1488.wpcp-carousel-section.sp-wpcp-1488 .swiper-button-prev,#sp-wp-carousel-free-id-1488.wpcp-carousel-section.sp-wpcp-1488 .swiper-button-next,#sp-wp-carousel-free-id-1488.wpcp-carousel-section.sp-wpcp-1488 .swiper-button-prev:hover,#sp-wp-carousel-free-id-1488.wpcp-carousel-section.sp-wpcp-1488 .swiper-button-next:hover {font-size: 18px ; font-weight: 400;}#sp-wp-carousel-free-id-1488.sp-wpcp-1488 .swiper-button-prev,#sp-wp-carousel-free-id-1488.sp-wpcp-1488 .swiper-button-next,#sp-wp-carousel-free-id-1488.sp-wpcp-1488 .swiper-button-prev:hover,#sp-wp-carousel-free-id-1488.sp-wpcp-1488 .swiper-button-next:hover {background: none;border: none;font-size: 30px;}#sp-wp-carousel-free-id-1488.sp-wpcp-1488 .swiper-button-prev i,#sp-wp-carousel-free-id-1488.sp-wpcp-1488 .swiper-button-next i {color: #aaa;}#sp-wp-carousel-free-id-1488.sp-wpcp-1488 .swiper-button-prev i:hover,#sp-wp-carousel-free-id-1488.sp-wpcp-1488 .swiper-button-next i:hover {color: #178087;}#sp-wp-carousel-free-id-1488.sp-wpcp-1488 .wpcp-swiper-dots .swiper-pagination-bullet {background-color: #cccccc;}#sp-wp-carousel-free-id-1488.sp-wpcp-1488 .wpcp-swiper-dots .swiper-pagination-bullet.swiper-pagination-bullet-active {background-color: #178087;} #sp-wp-carousel-free-id-1488.sp-wpcp-1488.wpcp-image-carousel .wpcp-single-item:hover img, #sp-wp-carousel-free-id-1488.sp-wpcp-1488.wpcp-post-carousel .wpcp-single-item:hover img, #sp-wp-carousel-free-id-1488.sp-wpcp-1488.wpcp-product-carousel .wpcp-single-item:hover img{-webkit-transform: scale(1.2);-moz-transform: scale(1.2);transform: scale(1.2);}#sp-wp-carousel-free-id-1488 .wpcpro-row>[class*=\"wpcpro-col-\"] { padding: 0 10px; padding-bottom: 20px;} #sp-wp-carousel-free-id-1488 .swiper-slide .single-item-fade:not(:last-child) { margin-right: 20px;}@media (min-width: 480px) { .wpcpro-row .wpcpro-col-sm-1 { flex: 0 0 100%; max-width: 100%; } .wpcpro-row .wpcpro-col-sm-2 { flex: 0 0 50%; max-width: 50%; } .wpcpro-row .wpcpro-col-sm-2-5 { flex: 0 0 75%; max-width: 75%; } .wpcpro-row .wpcpro-col-sm-3 { flex: 0 0 33.333%; max-width: 33.333%; } .wpcpro-row .wpcpro-col-sm-4 { flex: 0 0 25%; max-width: 25%; } .wpcpro-row .wpcpro-col-sm-5 { flex: 0 0 20%; max-width: 20%; } .wpcpro-row .wpcpro-col-sm-6 { flex: 0 0 16.66666666666667%; max-width: 16.66666666666667%; } .wpcpro-row .wpcpro-col-sm-7 { flex: 0 0 14.28571428%; max-width: 14.28571428%; } .wpcpro-row .wpcpro-col-sm-8 { flex: 0 0 12.5%; max-width: 12.5%; } } @media (max-width: 480px) { .wpcpro-row .wpcpro-col-xs-1 { flex: 0 0 100%; max-width: 100%; } .wpcpro-row .wpcpro-col-xs-2 { flex: 0 0 50%; max-width: 50%; } .wpcpro-row .wpcpro-col-xs-3 { flex: 0 0 33.222%; max-width: 33.222%; } .wpcpro-row .wpcpro-col-xs-4 { flex: 0 0 25%; max-width: 25%; } .wpcpro-row .wpcpro-col-xs-5 { flex: 0 0 20%; max-width: 20%; } .wpcpro-row .wpcpro-col-xs-6 { flex: 0 0 16.6667%; max-width: 16.6667%; } .wpcpro-row .wpcpro-col-xs-7 { flex: 0 0 14.28571428%; max-width: 14.28571428%; } .wpcpro-row .wpcpro-col-xs-8 { flex: 0 0 12.5%; max-width: 12.5%; } } @media (min-width: 736px) { .wpcpro-row .wpcpro-col-md-1 { flex: 0 0 100%; max-width: 100%; } .wpcpro-row .wpcpro-col-md-2 { flex: 0 0 50%; max-width: 50%; } .wpcpro-row .wpcpro-col-md-2-5 { flex: 0 0 75%; max-width: 75%; } .wpcpro-row .wpcpro-col-md-3 { flex: 0 0 33.333%; max-width: 33.333%; } .wpcpro-row .wpcpro-col-md-4 { flex: 0 0 25%; max-width: 25%; } .wpcpro-row .wpcpro-col-md-5 { flex: 0 0 20%; max-width: 20%; } .wpcpro-row .wpcpro-col-md-6 { flex: 0 0 16.66666666666667%; max-width: 16.66666666666667%; } .wpcpro-row .wpcpro-col-md-7 { flex: 0 0 14.28571428%; max-width: 14.28571428%; } .wpcpro-row .wpcpro-col-md-8 { flex: 0 0 12.5%; max-width: 12.5%; } } @media (min-width: 980px) { .wpcpro-row .wpcpro-col-lg-1 { flex: 0 0 100%; max-width: 100%; } .wpcpro-row .wpcpro-col-lg-2 { flex: 0 0 50%; max-width: 50%; } .wpcpro-row .wpcpro-col-lg-3 { flex: 0 0 33.222%; max-width: 33.222%; } .wpcpro-row .wpcpro-col-lg-4 { flex: 0 0 25%; max-width: 25%; } .wpcpro-row .wpcpro-col-lg-5 { flex: 0 0 20%; max-width: 20%; } .wpcpro-row .wpcpro-col-lg-6 { flex: 0 0 16.6667%; max-width: 16.6667%; } .wpcpro-row .wpcpro-col-lg-7 { flex: 0 0 14.28571428%; max-width: 14.28571428%; } .wpcpro-row .wpcpro-col-lg-8 { flex: 0 0 12.5%; max-width: 12.5%; } } @media (min-width: 1200px) { .wpcpro-row .wpcpro-col-xl-1 { flex: 0 0 100%; max-width: 100%; } .wpcpro-row .wpcpro-col-xl-2 { flex: 0 0 50%; max-width: 50%; } .wpcpro-row .wpcpro-col-xl-3 { flex: 0 0 33.22222222%; max-width: 33.22222222%; } .wpcpro-row .wpcpro-col-xl-4 { flex: 0 0 25%; max-width: 25%; } .wpcpro-row .wpcpro-col-xl-5 { flex: 0 0 20%; max-width: 20%; } .wpcpro-row .wpcpro-col-xl-6 { flex: 0 0 16.66667%; max-width: 16.66667%; } .wpcpro-row .wpcpro-col-xl-7 { flex: 0 0 14.28571428%; max-width: 14.28571428%; } .wpcpro-row .wpcpro-col-xl-8 { flex: 0 0 12.5%; max-width: 12.5%; } }<\/style><div class=\"wpcp-carousel-wrapper wpcp-wrapper-1488\">\n\t<div id=\"wpcp-preloader-1488\" class=\"wpcp-carousel-preloader\"><img decoding=\"async\" src=\"https:\/\/fortunkollegiet.dk\/wp-content\/plugins\/wp-carousel-free\/public\/css\/spinner.svg\" alt=\"Preloader Image\" \/><\/div>\t<div class=\"wpcp-carousel-content-wrapper\">\n\t<div id=\"sp-wp-carousel-free-id-1488\" class=\"wpcp-carousel-section sp-wpcp-1488  nav-vertical-center wpcp-image-carousel wpcp-preloader wpcp-standard\" data-swiper='{ &quot;pagination_type&quot;: &quot;dots&quot;,&quot;accessibility&quot;:true, &quot;spaceBetween&quot;:0, &quot;arrows&quot;:true, &quot;freeMode&quot;: false, &quot;autoplay&quot;:true, &quot;effect&quot;: &quot;normal&quot;, &quot;centerMode&quot;: false, &quot;autoplaySpeed&quot;:3000, &quot;dots&quot;:true, &quot;infinite&quot;:true, &quot;speed&quot;:600, &quot;pauseOnHover&quot;:true,\n\t\t\t&quot;slidesToShow&quot;:{&quot;lg_desktop&quot;:1, &quot;desktop&quot;: 1, &quot;laptop&quot;: 1, &quot;tablet&quot;: 1, &quot;mobile&quot;: 1}, &quot;responsive&quot;:{&quot;desktop&quot;:1200, &quot;laptop&quot;: 980, &quot;tablet&quot;: 736, &quot;mobile&quot;: 480}, &quot;rtl&quot;:false, &quot;lazyLoad&quot;: &quot;false&quot;, &quot;swipe&quot;: true, &quot;draggable&quot;: true, &quot;swipeToSlide&quot;:false }' dir=\"ltr\">\n\t\t<div class=\"swiper-wrapper\">\n\t\t<div class=\"swiper-slide\">\n\t<div class=\"wpcp-single-item\">\n\t\t\t<a class=\"wcp-light-box\" data-buttons='[\"close\"]' data-wpc_url='https:\/\/fortunkollegiet.dk\/wp-content\/uploads\/2025\/04\/image-2.png' href=\"https:\/\/fortunkollegiet.dk\/wp-content\/uploads\/2025\/04\/image-2.png\" data-fancybox=\"wpcp_view\">\n\t\t<figure>\n\t\t\t<img loading=\"lazy\" decoding=\"async\" class=\"skip-lazy\" src=\"https:\/\/fortunkollegiet.dk\/wp-content\/uploads\/2025\/04\/image-2.png\" alt=\"image\" width=\"915\" height=\"1069\">\t\t<\/figure>\n\t<\/a>\n\t\t<\/div>\n<\/div>\n\t<div class=\"swiper-slide\">\n\t<div class=\"wpcp-single-item\">\n\t\t\t<a class=\"wcp-light-box\" data-buttons='[\"close\"]' data-wpc_url='https:\/\/fortunkollegiet.dk\/wp-content\/uploads\/2025\/03\/DCM00700-Edit-1-scaled.jpg' href=\"https:\/\/fortunkollegiet.dk\/wp-content\/uploads\/2025\/03\/DCM00700-Edit-1-scaled.jpg\" data-fancybox=\"wpcp_view\">\n\t\t<figure>\n\t\t\t<img loading=\"lazy\" decoding=\"async\" class=\"skip-lazy\" src=\"https:\/\/fortunkollegiet.dk\/wp-content\/uploads\/2025\/03\/DCM00700-Edit-1-scaled.jpg\" alt=\"DCM00700-Edit\" width=\"2560\" height=\"1707\">\t\t<\/figure>\n\t<\/a>\n\t\t<\/div>\n<\/div>\n\t<div class=\"swiper-slide\">\n\t<div class=\"wpcp-single-item\">\n\t\t\t<a class=\"wcp-light-box\" data-buttons='[\"close\"]' data-wpc_url='https:\/\/fortunkollegiet.dk\/wp-content\/uploads\/2025\/03\/DCM00699-Edit-1-scaled.jpg' href=\"https:\/\/fortunkollegiet.dk\/wp-content\/uploads\/2025\/03\/DCM00699-Edit-1-scaled.jpg\" data-fancybox=\"wpcp_view\">\n\t\t<figure>\n\t\t\t<img loading=\"lazy\" decoding=\"async\" class=\"skip-lazy\" src=\"https:\/\/fortunkollegiet.dk\/wp-content\/uploads\/2025\/03\/DCM00699-Edit-1-scaled.jpg\" alt=\"DCM00699-Edit\" width=\"2560\" height=\"1707\">\t\t<\/figure>\n\t<\/a>\n\t\t<\/div>\n<\/div>\n\t<div class=\"swiper-slide\">\n\t<div class=\"wpcp-single-item\">\n\t\t\t<a class=\"wcp-light-box\" data-buttons='[\"close\"]' data-wpc_url='https:\/\/fortunkollegiet.dk\/wp-content\/uploads\/2025\/08\/1000003635-scaled.jpg' href=\"https:\/\/fortunkollegiet.dk\/wp-content\/uploads\/2025\/08\/1000003635-scaled.jpg\" data-fancybox=\"wpcp_view\">\n\t\t<figure>\n\t\t\t<img loading=\"lazy\" decoding=\"async\" class=\"skip-lazy\" src=\"https:\/\/fortunkollegiet.dk\/wp-content\/uploads\/2025\/08\/1000003635-scaled.jpg\" alt=\"1000003635\" width=\"2560\" height=\"1920\">\t\t<\/figure>\n\t<\/a>\n\t\t<\/div>\n<\/div>\n\t<div class=\"swiper-slide\">\n\t<div class=\"wpcp-single-item\">\n\t\t\t<a class=\"wcp-light-box\" data-buttons='[\"close\"]' data-wpc_url='https:\/\/fortunkollegiet.dk\/wp-content\/uploads\/2025\/08\/1000003634-scaled.jpg' href=\"https:\/\/fortunkollegiet.dk\/wp-content\/uploads\/2025\/08\/1000003634-scaled.jpg\" data-fancybox=\"wpcp_view\">\n\t\t<figure>\n\t\t\t<img loading=\"lazy\" decoding=\"async\" class=\"skip-lazy\" src=\"https:\/\/fortunkollegiet.dk\/wp-content\/uploads\/2025\/08\/1000003634-scaled.jpg\" alt=\"1000003634\" width=\"2560\" height=\"1920\">\t\t<\/figure>\n\t<\/a>\n\t\t<\/div>\n<\/div>\n\t<div class=\"swiper-slide\">\n\t<div class=\"wpcp-single-item\">\n\t\t\t<a class=\"wcp-light-box\" data-buttons='[\"close\"]' data-wpc_url='https:\/\/fortunkollegiet.dk\/wp-content\/uploads\/2025\/08\/1000003619-scaled.jpg' href=\"https:\/\/fortunkollegiet.dk\/wp-content\/uploads\/2025\/08\/1000003619-scaled.jpg\" data-fancybox=\"wpcp_view\">\n\t\t<figure>\n\t\t\t<img loading=\"lazy\" decoding=\"async\" class=\"skip-lazy\" src=\"https:\/\/fortunkollegiet.dk\/wp-content\/uploads\/2025\/08\/1000003619-scaled.jpg\" alt=\"1000003619\" width=\"1920\" height=\"2560\">\t\t<\/figure>\n\t<\/a>\n\t\t<\/div>\n<\/div>\n\t<div class=\"swiper-slide\">\n\t<div class=\"wpcp-single-item\">\n\t\t\t<a class=\"wcp-light-box\" data-buttons='[\"close\"]' data-wpc_url='https:\/\/fortunkollegiet.dk\/wp-content\/uploads\/2025\/08\/1000003618-scaled.jpg' href=\"https:\/\/fortunkollegiet.dk\/wp-content\/uploads\/2025\/08\/1000003618-scaled.jpg\" data-fancybox=\"wpcp_view\">\n\t\t<figure>\n\t\t\t<img loading=\"lazy\" decoding=\"async\" class=\"skip-lazy\" src=\"https:\/\/fortunkollegiet.dk\/wp-content\/uploads\/2025\/08\/1000003618-scaled.jpg\" alt=\"1000003618\" width=\"1920\" height=\"2560\">\t\t<\/figure>\n\t<\/a>\n\t\t<\/div>\n<\/div>\n\t<div class=\"swiper-slide\">\n\t<div class=\"wpcp-single-item\">\n\t\t\t<a class=\"wcp-light-box\" data-buttons='[\"close\"]' data-wpc_url='https:\/\/fortunkollegiet.dk\/wp-content\/uploads\/2025\/08\/1000003631-scaled.jpg' href=\"https:\/\/fortunkollegiet.dk\/wp-content\/uploads\/2025\/08\/1000003631-scaled.jpg\" data-fancybox=\"wpcp_view\">\n\t\t<figure>\n\t\t\t<img loading=\"lazy\" decoding=\"async\" class=\"skip-lazy\" src=\"https:\/\/fortunkollegiet.dk\/wp-content\/uploads\/2025\/08\/1000003631-scaled.jpg\" alt=\"1000003631\" width=\"2560\" height=\"1920\">\t\t<\/figure>\n\t<\/a>\n\t\t<\/div>\n<\/div>\n\t<div class=\"swiper-slide\">\n\t<div class=\"wpcp-single-item\">\n\t\t\t<a class=\"wcp-light-box\" data-buttons='[\"close\"]' data-wpc_url='https:\/\/fortunkollegiet.dk\/wp-content\/uploads\/2025\/08\/1000003632-scaled.jpg' href=\"https:\/\/fortunkollegiet.dk\/wp-content\/uploads\/2025\/08\/1000003632-scaled.jpg\" data-fancybox=\"wpcp_view\">\n\t\t<figure>\n\t\t\t<img loading=\"lazy\" decoding=\"async\" class=\"skip-lazy\" src=\"https:\/\/fortunkollegiet.dk\/wp-content\/uploads\/2025\/08\/1000003632-scaled.jpg\" alt=\"1000003632\" width=\"2560\" height=\"1920\">\t\t<\/figure>\n\t<\/a>\n\t\t<\/div>\n<\/div>\n\t\t\t<\/div>\n\t\t\t\t\t<div class=\"wpcp-swiper-dots swiper-pagination\"><\/div>\n\t\t\t\t<!-- If we need navigation buttons -->\n\t\t\t\t\t<div class=\"wpcp-prev-button swiper-button-prev\"><i class=\"fa fa-angle-left\"><\/i><\/div>\n\t\t\t<div class=\"wpcp-next-button swiper-button-next\"><i class=\"fa fa-angle-right\"><\/i><\/div>\n\t\t\t<\/div>\n\t<\/div>\n<\/div>\n<\/div><\/div>\n\n\n\n<div class=\"wp-block-column is-layout-flow wp-block-column-is-layout-flow\">\n<p>V\u00e6relserne 1-62 er p\u00e5 10.7 m\u00b2 og entr\u00e9, toilet og bad deles med naboen (p\u00e5 plantegningen til venstre ses 2 v\u00e6relser og deres f\u00e6lles omr\u00e5de).<\/p>\n\n\n\n<p>V\u00e6relserne er udstyres med egen h\u00e5ndvask og har indbygget skab samt spejl med indbygget opbevaring over vasken. Der er desuden loftslampe med lysd\u00e6mper.<\/p>\n\n\n\n<p>Der kan l\u00e5nes seng (90&#215;200), skrivebord, stol og skrivebordslampe gratis af kollegiet.<\/p>\n\n\n\n<p>Husleje: 3325kr.<\/p>\n<\/div>\n<\/div>\n<\/div>\n<\/div>\n\n\n\n<h4 class=\"wp-block-heading\"><strong>V\u00e6relser i Anneks<\/strong><\/h4>\n\n\n\n<p>Kollegiet har 2 annekser med v\u00e6relser og k\u00f8kken. Lille anneks har 4 v\u00e6relser (76-79) og Store anneks har 8 v\u00e6relser (64-71). I Store anneks deles 3 badev\u00e6relse af de 8 beboere. V\u00e6relserne her er udstyret med skab og en lampe med lysd\u00e6mper. Huslejen for disse v\u00e6relser afh\u00e6nger af st\u00f8rrelse og varierer fra 2864-3632kr.<\/p>\n\n\n\n<h4 class=\"wp-block-heading\"><strong>Dobbeltv\u00e6relser<\/strong><\/h4>\n\n\n\n<p>Kollegiet har 2 dobbeltv\u00e6relser. Disse er knyttet til Upstairs Kitchen og best\u00e5r hver af 2 rum, entre med indbygget skab og eget badev\u00e6relse. Huslejen er p\u00e5 4962kr.<\/p>\n","protected":false},"excerpt":{"rendered":"<p>V\u00e6relsespriser Huslejen varierer fra kr.\u00a02864 for de mindste v\u00e6relser til kr. 4962 for dobbeltv\u00e6relser. For hovedparten af v\u00e6relserne er huslejen kr. 3325,- inkl. vand, varme, el,\u00a0og wi-fi. Lejeregulering: Fra 1. marts 2026 opkr\u00e6ves lejen efter nettoprisindeks svarende til 2,3 %. Lejen reguleres f\u00f8rste gang den 1. marts 2026 og varsles 3 m\u00e5neder i forvejen. Fremadrettet &hellip; <\/p>\n<p class=\"link-more\"><a href=\"https:\/\/fortunkollegiet.dk\/index.php\/kollegie-vaerelserne\/\" class=\"more-link\">L\u00e6s videre<span class=\"screen-reader-text\"> &#8220;Kollegiev\u00e6relserne&#8221;<\/span><\/a><\/p>\n","protected":false},"author":6,"featured_media":0,"parent":0,"menu_order":0,"comment_status":"closed","ping_status":"closed","template":"","meta":{"footnotes":""},"class_list":["post-129","page","type-page","status-publish","hentry"],"_links":{"self":[{"href":"https:\/\/fortunkollegiet.dk\/index.php\/wp-json\/wp\/v2\/pages\/129","targetHints":{"allow":["GET"]}}],"collection":[{"href":"https:\/\/fortunkollegiet.dk\/index.php\/wp-json\/wp\/v2\/pages"}],"about":[{"href":"https:\/\/fortunkollegiet.dk\/index.php\/wp-json\/wp\/v2\/types\/page"}],"author":[{"embeddable":true,"href":"https:\/\/fortunkollegiet.dk\/index.php\/wp-json\/wp\/v2\/users\/6"}],"replies":[{"embeddable":true,"href":"https:\/\/fortunkollegiet.dk\/index.php\/wp-json\/wp\/v2\/comments?post=129"}],"version-history":[{"count":16,"href":"https:\/\/fortunkollegiet.dk\/index.php\/wp-json\/wp\/v2\/pages\/129\/revisions"}],"predecessor-version":[{"id":1806,"href":"https:\/\/fortunkollegiet.dk\/index.php\/wp-json\/wp\/v2\/pages\/129\/revisions\/1806"}],"wp:attachment":[{"href":"https:\/\/fortunkollegiet.dk\/index.php\/wp-json\/wp\/v2\/media?parent=129"}],"curies":[{"name":"wp","href":"https:\/\/api.w.org\/{rel}","templated":true}]}}